{"id":63,"date":"2026-02-03T23:40:05","date_gmt":"2026-02-03T22:40:05","guid":{"rendered":"https:\/\/www.hotelsanpaolovarazze.it\/?page_id=63"},"modified":"2026-02-09T08:32:38","modified_gmt":"2026-02-09T07:32:38","slug":"eventi","status":"publish","type":"page","link":"https:\/\/www.hotelsanpaolovarazze.it\/?page_id=63","title":{"rendered":"EVENTI"},"content":{"rendered":"<p style=\"text-align: right;\" data-path-to-node=\"1\"><strong>VAZE AIR SHOW DOMENICA 17 MAGGIO 2026<\/strong><\/p>\n<p style=\"text-align: left;\" data-path-to-node=\"1\"><strong><a href=\"https:\/\/www.hotelsanpaolovarazze.it\/wp-content\/uploads\/2026\/02\/Vaze-Air-Show-png1.png\"><img loading=\"lazy\" decoding=\"async\" class=\"size-medium wp-image-110 alignleft\" src=\"https:\/\/www.hotelsanpaolovarazze.it\/wp-content\/uploads\/2026\/02\/Vaze-Air-Show-png1-300x240.png\" alt=\"Vaze Air Show\" width=\"300\" height=\"240\" srcset=\"https:\/\/www.hotelsanpaolovarazze.it\/wp-content\/uploads\/2026\/02\/Vaze-Air-Show-png1-300x240.png 300w, https:\/\/www.hotelsanpaolovarazze.it\/wp-content\/uploads\/2026\/02\/Vaze-Air-Show-png1-1024x819.png 1024w, https:\/\/www.hotelsanpaolovarazze.it\/wp-content\/uploads\/2026\/02\/Vaze-Air-Show-png1.png 1350w\" sizes=\"auto, (max-width: 300px) 100vw, 300px\" \/><\/a><\/strong><\/p>\n<p style=\"text-align: right;\" data-path-to-node=\"1\"><strong>Le Frecce Tricolori tornano a solcare l&#8217;azzurro del Mar Ligure, promettendo un&#8217;esibizione che unisce precisio e tecnica, orgoglio nazionale e un pizzico di adrenalina pura.<\/strong><\/p>\n<p style=\"text-align: right;\" data-path-to-node=\"4\"><strong>L&#8217;evento, ribattezzato &#8220;Vaze Air Show&#8221;, non si limiter\u00e0 al solo passaggio della pattuglia, ma sar\u00e0 una vera e propria festa del volo che coinvolger\u00e0 l&#8217;intero litorale.<\/strong><\/p>\n<ul style=\"text-align: left;\" data-path-to-node=\"5\">\n<li style=\"text-align: left;\">\n<p style=\"text-align: right;\" data-path-to-node=\"5,0,0\"><strong>L&#8217;esibizione principale: Il clou della giornata \u00e8 previsto nel primo pomeriggio (solitamente intorno alle 15:30 &#8211; 16:00), quando i dieci MB-339 della formazione acrobatica entreranno in scena per circa 25 minuti di evoluzioni mozzafiato.<\/strong><\/p>\n<\/li>\n<li style=\"text-align: left;\">\n<p style=\"text-align: right;\" data-path-to-node=\"5,1,0\"><strong>Altre partecipazioni: Prima del gran finale, il pubblico potr\u00e0 ammirare dimostrazioni di elicotteri del 15\u00b0 Stormo SAR (Search and Rescue) dell&#8217;Aeronautica Militare, impegnati in simulazioni di salvataggio in mare, e passaggi di velivoli civili e sportivi.<\/strong><\/p>\n<p style=\"text-align: right;\" data-path-to-node=\"5,1,0\"><strong>Per godersi lo spettacolo al meglio, la scelta del posto \u00e8 fondamentale. Il &#8220;centro della scena&#8221; sar\u00e0 lo specchio acqueo antistante il Molo Marinai d&#8217;Italia.<\/strong><strong>Le Spiagge: Tutto il litorale da ponente a levante offre una visuale eccellente.<\/strong><\/p>\n<p style=\"text-align: right;\" data-path-to-node=\"8,1,0\">\n<\/li>\n<li style=\"text-align: left;\">\n<p data-path-to-node=\"8,1,0\"><strong>Lungomare Europa: Per chi preferisce una vista leggermente rialzata e meno affollata, la passeggiata che collega Varazze a Cogoleto offre scorci panoramici incredibili.<\/strong><\/p>\n<\/li>\n<li style=\"text-align: left;\">\n<p style=\"text-align: right;\" data-path-to-node=\"8,1,0\"><strong>Il Porto Turistico (Marina di Varazze): Un punto di osservazione privilegiato per chi desidera unire l&#8217;evento a un aperitivo o a un pranzo vista mare.<\/strong><\/p>\n<\/li>\n<\/ul>\n","protected":false},"excerpt":{"rendered":"<p>VAZE AIR SHOW DOMENICA 17 MAGGIO 2026 Le Frecce Tricolori tornano a solcare l&#8217;azzurro del Mar Ligure, promettendo un&#8217;esibizione che unisce precisio e tecnica, orgoglio nazionale e un pizzico di adrenalina pura. L&#8217;evento, ribattezzato &#8220;Vaze Air Show&#8221;, non si limiter\u00e0 al solo passaggio della pattuglia, ma sar\u00e0 una vera e propria festa del volo che &hellip; <a href=\"https:\/\/www.hotelsanpaolovarazze.it\/?page_id=63\" class=\"more-link\">Continua la lettura di <span class=\"screen-reader-text\">EVENTI<\/span> <span class=\"meta-nav\">&rarr;<\/span><\/a><\/p>\n","protected":false},"author":2,"featured_media":0,"parent":0,"menu_order":0,"comment_status":"open","ping_status":"open","template":"","meta":{"footnotes":""},"class_list":["post-63","page","type-page","status-publish","hentry"],"_links":{"self":[{"href":"https:\/\/www.hotelsanpaolovarazze.it\/index.php?rest_route=\/wp\/v2\/pages\/63","targetHints":{"allow":["GET"]}}],"collection":[{"href":"https:\/\/www.hotelsanpaolovarazze.it\/index.php?rest_route=\/wp\/v2\/pages"}],"about":[{"href":"https:\/\/www.hotelsanpaolovarazze.it\/index.php?rest_route=\/wp\/v2\/types\/page"}],"author":[{"embeddable":true,"href":"https:\/\/www.hotelsanpaolovarazze.it\/index.php?rest_route=\/wp\/v2\/users\/2"}],"replies":[{"embeddable":true,"href":"https:\/\/www.hotelsanpaolovarazze.it\/index.php?rest_route=%2Fwp%2Fv2%2Fcomments&post=63"}],"version-history":[{"count":5,"href":"https:\/\/www.hotelsanpaolovarazze.it\/index.php?rest_route=\/wp\/v2\/pages\/63\/revisions"}],"predecessor-version":[{"id":121,"href":"https:\/\/www.hotelsanpaolovarazze.it\/index.php?rest_route=\/wp\/v2\/pages\/63\/revisions\/121"}],"wp:attachment":[{"href":"https:\/\/www.hotelsanpaolovarazze.it\/index.php?rest_route=%2Fwp%2Fv2%2Fmedia&parent=63"}],"curies":[{"name":"wp","href":"https:\/\/api.w.org\/{rel}","templated":true}]}}